{"id":53,"date":"2025-09-01T16:15:30","date_gmt":"2025-09-01T14:15:30","guid":{"rendered":"https:\/\/nauka.you2.pl\/?page_id=53"},"modified":"2025-09-01T17:19:50","modified_gmt":"2025-09-01T15:19:50","slug":"ruch-jednostajnie-przyspieszony-2","status":"publish","type":"page","link":"https:\/\/nauka.you2.pl\/index.php\/ruch-jednostajnie-przyspieszony-2\/","title":{"rendered":"Przyspieszaj do mety!"},"content":{"rendered":"\n<figure class=\"wp-block-image size-large\"><img loading=\"lazy\" decoding=\"async\" width=\"1024\" height=\"308\" src=\"https:\/\/nauka.you2.pl\/wp-content\/uploads\/2025\/09\/image-1-1024x308.png\" alt=\"\" class=\"wp-image-66\" srcset=\"https:\/\/nauka.you2.pl\/wp-content\/uploads\/2025\/09\/image-1-1024x308.png 1024w, https:\/\/nauka.you2.pl\/wp-content\/uploads\/2025\/09\/image-1-300x90.png 300w, https:\/\/nauka.you2.pl\/wp-content\/uploads\/2025\/09\/image-1-768x231.png 768w, https:\/\/nauka.you2.pl\/wp-content\/uploads\/2025\/09\/image-1-1536x462.png 1536w, https:\/\/nauka.you2.pl\/wp-content\/uploads\/2025\/09\/image-1-624x188.png 624w, https:\/\/nauka.you2.pl\/wp-content\/uploads\/2025\/09\/image-1.png 2000w\" sizes=\"auto, (max-width: 1024px) 100vw, 1024px\" \/><\/figure>\n\n\n\n<p>W tej prostej grze mo\u017cesz samodzielnie ustawia\u0107 parametry ruchu: przyspieszenie, pr\u0119dko\u015b\u0107 pocz\u0105tkow\u0105 i pozycj\u0119. Twoim zadaniem jest dostosowa\u0107 je tak, aby obiekt dotar\u0142 do celu w okre\u015blonym czasie. To doskona\u0142y spos\u00f3b, aby intuicyjnie zrozumie\u0107, jak zmiana jednego parametru wp\u0142ywa na ca\u0142y ruch. Gra ilustruje, jak nawet ma\u0142e przyspieszenie, dzia\u0142aj\u0105c przez d\u0142u\u017cszy czas, mo\u017ce wywo\u0142a\u0107 zmian\u0119 w pr\u0119dko\u015bci i pozycji.<\/p>\n\n\n\n      <div class=\"game-wrapper\">\n          <h2>Gra: Ruch jednostajnie przyspieszony<\/h2>\n          <canvas id=\"scene_ruch\" width=\"800\" height=\"400\"><\/canvas>\n          <div id=\"hud_ruch\" class=\"hud\">\n              Status: Gotowy<br>\n              Dystans do celu: 150.00 m<br>\n              Pr\u0119dko\u015b\u0107: 0.00 m\/s<br>\n              Czas: 0.00 s\n          <\/div>\n          <div class=\"controls\">\n              <label for=\"accel_ruch\">Przyspieszenie (m\/s\u00b2):<\/label>\n              <input type=\"range\" id=\"accel_ruch\" min=\"0\" max=\"10\" step=\"0.1\" value=\"1\">\n              <input type=\"number\" id=\"accel_num_ruch\" min=\"0\" max=\"10\" step=\"0.1\" value=\"1\">\n      \n              <label for=\"v0_ruch\">Pr\u0119dko\u015b\u0107 pocz\u0105tkowa (m\/s):<\/label>\n              <input type=\"range\" id=\"v0_ruch\" min=\"0\" max=\"10\" step=\"0.1\" value=\"0\">\n              <input type=\"number\" id=\"v0_num_ruch\" min=\"0\" max=\"10\" step=\"0.1\" value=\"0\">\n      \n              <label for=\"x0_ruch\">Pozycja pocz\u0105tkowa (m):<\/label>\n              <input type=\"range\" id=\"x0_ruch\" min=\"0\" max=\"10\" step=\"0.1\" value=\"0\">\n              <input type=\"number\" id=\"x0_num_ruch\" min=\"0\" max=\"10\" step=\"0.1\" value=\"0\">\n      \n              <div class=\"buttons\">\n                  <button id=\"play_ruch\">Start!<\/button>\n                  <button id=\"reset_ruch\">Reset<\/button>\n                  <button id=\"challenge_ruch\">Nowe Wyzwanie<\/button>\n              <\/div>\n          <\/div>\n      <\/div>\n      <script src=\"https:\/\/nauka.you2.pl\/wp-content\/plugins\/moje-gry\/js\/gra_ruch.js\"><\/script>\n    \n\n\n\n<p><\/p>\n","protected":false},"excerpt":{"rendered":"<p>W tej prostej grze mo\u017cesz samodzielnie ustawia\u0107 parametry ruchu: przyspieszenie, pr\u0119dko\u015b\u0107 pocz\u0105tkow\u0105 i pozycj\u0119. Twoim zadaniem jest dostosowa\u0107 je tak, [&hellip;]<\/p>\n","protected":false},"author":1,"featured_media":0,"parent":0,"menu_order":0,"comment_status":"closed","ping_status":"closed","template":"","meta":{"footnotes":""},"class_list":["post-53","page","type-page","status-publish","hentry"],"_links":{"self":[{"href":"https:\/\/nauka.you2.pl\/index.php\/wp-json\/wp\/v2\/pages\/53","targetHints":{"allow":["GET"]}}],"collection":[{"href":"https:\/\/nauka.you2.pl\/index.php\/wp-json\/wp\/v2\/pages"}],"about":[{"href":"https:\/\/nauka.you2.pl\/index.php\/wp-json\/wp\/v2\/types\/page"}],"author":[{"embeddable":true,"href":"https:\/\/nauka.you2.pl\/index.php\/wp-json\/wp\/v2\/users\/1"}],"replies":[{"embeddable":true,"href":"https:\/\/nauka.you2.pl\/index.php\/wp-json\/wp\/v2\/comments?post=53"}],"version-history":[{"count":3,"href":"https:\/\/nauka.you2.pl\/index.php\/wp-json\/wp\/v2\/pages\/53\/revisions"}],"predecessor-version":[{"id":67,"href":"https:\/\/nauka.you2.pl\/index.php\/wp-json\/wp\/v2\/pages\/53\/revisions\/67"}],"wp:attachment":[{"href":"https:\/\/nauka.you2.pl\/index.php\/wp-json\/wp\/v2\/media?parent=53"}],"curies":[{"name":"wp","href":"https:\/\/api.w.org\/{rel}","templated":true}]}}